{"id":57,"date":"2016-09-02T00:02:16","date_gmt":"2016-09-02T00:02:16","guid":{"rendered":"http:\/\/caam.edu.mx\/escuela\/?page_id=57"},"modified":"2019-08-08T17:31:32","modified_gmt":"2019-08-08T17:31:32","slug":"reglamento-escolar-caam","status":"publish","type":"page","link":"https:\/\/caam.edu.mx\/escuela\/reglamento-escolar-caam\/","title":{"rendered":"Reglamento Escolar CAAM"},"content":{"rendered":"<h1 style=\"text-align: center;\"><strong>Colegio Alamilla Americano<\/strong><\/h1>\n<h2 style=\"text-align: center;\"><strong><br \/>\nReglamento Escolar<\/strong><\/h2>\n<p style=\"text-align: center;\"><em>Ciclo Escolar 2019-2020<\/em><\/p>\n<p><strong>NORMAS GENERALES<\/strong><\/p>\n<p><strong>\u00a0<\/strong><\/p>\n<p>&nbsp;<\/p>\n<p>-El alumno y los padres de familia se obligan a aceptar y a acatar las normas administrativas y disciplinarias emanadas del siguiente reglamento, as\u00ed como la informaci\u00f3n de circulares, calendario escolar o convenios emitidos.<\/p>\n<p>&nbsp;<\/p>\n<p>-El alumno participar\u00e1 en todos los eventos c\u00edvicos, culturales, sociales y deportivos de la comunidad escolar.<\/p>\n<p>&nbsp;<\/p>\n<p>-El alumno cursar\u00e1 el Programa General del Colegio en todas las \u00e1reas y los padres de familia se abstendr\u00e1n de intervenir en forma individual o colectiva en los aspectos pedag\u00f3gicos, laborales t\u00e9cnicos y administrativos de la escuela.<\/p>\n<p>&nbsp;<\/p>\n<p>-El Colegio organiza salidas y festejos durante el ciclo escolar con fines culturales y recreativos cuyo costo no est\u00e1 incluido en los pagos que realiza. La asistencia a estos no es obligatoria pero el colegio no da servicio en la escuela a los ni\u00f1os que no asistan al evento.<\/p>\n<p>&nbsp;<\/p>\n<p>-La colegiatura se paga los 5 primeros d\u00edas de cada mes, posterior a esta fecha causar\u00e1 el cobro de intereses seg\u00fan se indica en la ficha de inscripci\u00f3n.<\/p>\n<p>&nbsp;<\/p>\n<p>-No se reconocer\u00e1 ning\u00fan pago sin la entrega del comprobante correspondiente (ficha de dep\u00f3sito en ventanilla, comprobante de cajero autom\u00e1tico, impresi\u00f3n de transferencia bancaria) deber\u00e1 tener anotado el n\u00famero de referencia. (En caso de extrav\u00edo se tendr\u00e9 que realizar el pago nuevamente).<\/p>\n<p>&nbsp;<\/p>\n<p>&#8211;<strong>En caso de acumular 1 mes de adeudo se suspender\u00e1 al alumno y en caso de acumular 2 meses de adeudo se dar\u00e1 de baja, teniendo 15 d\u00edas posteriores a la notificaci\u00f3n por escrito para colocar a su hijo (a) en otro plantel educativo.<\/strong><\/p>\n<p>&nbsp;<\/p>\n<p>&#8211;<strong>Para tener derecho a examen es indispensable estar al corriente de las colegiaturas.<\/strong><\/p>\n<p><strong>\u00a0<\/strong><\/p>\n<p><strong>-No se devolver\u00e1 pago alguno en caso de que el alumno (a) sea retirado del colegio en el transcurso del ciclo escolar. En caso de que el alumno requiera ser dado de baja, se deber\u00e1 notificar al momento, de lo contrario se tendr\u00e1 que pagar las colegiaturas correspondientes.<\/strong><\/p>\n<p>&nbsp;<\/p>\n<p>&nbsp;<\/p>\n<p>&nbsp;<\/p>\n<p><strong>REQUISITOS DE ADMISI\u00d3N DE ALUMNOS<\/strong><\/p>\n<p><strong>\u00a0<\/strong><\/p>\n<p>&nbsp;<\/p>\n<p>-El (la) alumno (a) solicitante deber\u00e1 presentar y aprobar el examen de conocimientos. El Colegio es propietario de los ex\u00e1menes aplicados y se reserva el derecho de admisi\u00f3n.<\/p>\n<p>&nbsp;<\/p>\n<p>-El padre de familia tendr\u00e1 la obligaci\u00f3n de entregar la documentaci\u00f3n necesaria exigida por la Secretar\u00eda de Educaci\u00f3n P\u00fablica en el momento de llenar el contrato de prestaci\u00f3n de servicios y realizar el pago. De lo contrario el colegio no realizar\u00e1 los tr\u00e1mites ante la Secretar\u00eda de Educaci\u00f3n P\u00fablica y se deslindar\u00e1 de cualquier responsabilidad legal para el personal y el colegio mismo.<\/p>\n<p>&nbsp;<\/p>\n<p>-Se cancela la inscripci\u00f3n de los solicitantes si se intenta o hace alguna falsificaci\u00f3n de la documentaci\u00f3n.<\/p>\n<p>&nbsp;<\/p>\n<p>-Los alumnos procedentes del Colegio tienen pase autom\u00e1tico, reserv\u00e1ndonos el derecho de inscripci\u00f3n en alg\u00fan caso especial.<\/p>\n<p>&nbsp;<\/p>\n<p><strong>REQUISITOS PARA REINSCRIPCI\u00d3N<\/strong><\/p>\n<p><strong>\u00a0<\/strong><\/p>\n<p>&nbsp;<\/p>\n<p><strong>-En el mes de Febrero se inicia el per\u00edodo de reinscripci\u00f3n y se requiere que el alumno lleve promedio aprobatorio a esa fecha, estar al corriente en el pago de colegiaturas y no debe tener reportes de mala conducta. En caso contrario el colegio determinar\u00e1 hasta el t\u00e9rmino del ciclo escolar si el alumno es admitido para el siguiente a\u00f1o lectivo. El Colegio se reserva en todos los casos el derecho de admisi\u00f3n.<\/strong><\/p>\n<p>&nbsp;<\/p>\n<p><strong>-Ser\u00e1 necesario cubrir el monto de inscripci\u00f3n correspondiente para poder asegurar el lugar del alumno.<\/strong><\/p>\n<p><strong>\u00a0<\/strong><\/p>\n<p>&nbsp;<\/p>\n<p><strong>ASISTENCIA Y PUNTUALIDAD<\/strong><\/p>\n<p><strong>\u00a0<\/strong><\/p>\n<p>&nbsp;<\/p>\n<p>&#8211; La hora de entrada es <strong>7:45 a.m<\/strong>., las clases para los alumnos inician a las 8:00 a.m., a esa hora se cierra la puerta. Los alumnos que entren despu\u00e9s de esta hora firmar\u00e1n un retardo, a\u00fan cuando hubieran avisado por tel\u00e9fono de su retardo.<\/p>\n<p><strong>Despu\u00e9s de tres retardos acumulados en un mes el alumno puede estar sujeto a suspensi\u00f3n de un d\u00eda de clases. Los retardos no se acumulan de un mes para otro.<\/strong><\/p>\n<p><strong>\u00a0<\/strong><\/p>\n<p><strong>&#8211;<\/strong> <strong>La puerta se cerrar\u00e1 a las 8:00 a.m., y se volver\u00e1 a abrir a las 8:10 a.m. Los alumnos que lleguen tarde se abstendr\u00e1n de tocar la puerta.<\/strong><\/p>\n<p>&nbsp;<\/p>\n<p>-Si existiera un motivo v\u00e1lido para no asistir al Colegio el alumno deber\u00e1 ser reportado el mismo d\u00eda por sus padres o tutores y en cuanto se presente a clase entregar\u00e1 el justificante escrito para tener derecho a ex\u00e1menes o entrega de trabajos.<\/p>\n<p>&nbsp;<\/p>\n<p>-Aunque la falta est\u00e9 justificada aparecer\u00e1 en la boleta de calificaciones como falta.<\/p>\n<p>&nbsp;<\/p>\n<p>-No se otorga permiso para ausentarse en d\u00edas de clases, adelantar periodos vacacionales o interrumpir clases antes de que concluyan, salvo casos especiales autorizados por la direcci\u00f3n.<\/p>\n<p>&nbsp;<\/p>\n<p>-Por seguridad el alumno s\u00f3lo se entregar\u00e1 a la salida, a las personas autorizadas.<\/p>\n<p>&nbsp;<\/p>\n<p><strong>-El horario de salida es a las 15:30 hrs, posterior a las 15:45 hrs, tendr\u00e1n que pagar una cuota por tiempo extra y se liquidar\u00e1 en ese momento ($50.00 por cada media hora), independientemente de que se haya avisado.<\/strong><\/p>\n<p>&nbsp;<\/p>\n<p>-Si por alguna raz\u00f3n el ni\u00f1o (a) necesita ser recogido antes de la hora establecida, la Direcci\u00f3n necesita autorizar dicha salida con previa solicitud.<\/p>\n<p>&nbsp;<\/p>\n<p>-Las entrevistas de los Padres de Familia con los profesores, para informarse sobre aprovechamiento escolar o alg\u00fan otro motivo deber\u00e1n concertarse previamente con la Direcci\u00f3n, se asignar\u00e1 d\u00eda y hora a fin de no interrumpir las clases. De igual manera se registrar\u00e1 el motivo de la cita y los acuerdos y compromisos que ambas partes asuman, firmando al calce quienes participen.<\/p>\n<p>&nbsp;<\/p>\n<p>&nbsp;<\/p>\n<p>&nbsp;<\/p>\n<p><strong>UNIFORME, ASEO, \u00daTILES Y OBJETOS PERSONALES<\/strong><\/p>\n<p>&nbsp;<\/p>\n<p>&nbsp;<\/p>\n<p>-Por respeto a mi persona y a la comunidad educativa a la que pertenezco, debo presentarme al Colegio diariamente limpio (a) y bien arreglado (a), con el uniforme completo (seg\u00fan el que corresponda), zapatos azules boleados y tenis azules limpios; de manera que pueda reflejar un porte sencillo y presentable.<\/p>\n<p>&nbsp;<\/p>\n<p><strong>-Las prendas de vestir deber\u00e1n estar marcadas con el nombre del alumno (a) (sin excepci\u00f3n) ya que el Colegio no se hace responsable de objetos perdidos, y sobre todo prendas que no sean del uniforme.<\/strong><\/p>\n<p>&nbsp;<\/p>\n<p>-Como alumno del Colegio el corte de cabello que portar\u00e9 ser\u00e1 el tradicional como ni\u00f1o (casquete corto regular), o ni\u00f1a, evitar pintura en el cabello, rayos, extensiones, etc, as\u00ed como cortes de cabello de moda.<\/p>\n<p>&nbsp;<\/p>\n<p>-El alumno (a) debe asistir en perfecto estado de higiene, sin maquillaje o pintura en la cara, u\u00f1as sin barniz y cortas.<\/p>\n<p>&nbsp;<\/p>\n<p>-Los ni\u00f1os no podr\u00e1n portar aretes, anillos de valor, tatuajes, etc.<\/p>\n<p>&nbsp;<\/p>\n<p>-Como alumno puede portar el pants \u00fanicamente los d\u00edas autorizados.<\/p>\n<p>&nbsp;<\/p>\n<p>&#8211; Si en tiempo de fr\u00edo es necesario que traiga otro su\u00e9ter ser\u00e1 debajo del uniforme azul y chamarra del Colegio, adem\u00e1s, traer el uniforme completo (marcar el su\u00e9ter y chamarra con el nombre), toda prenda que porten ser\u00e1 de color azul marino (chaleco, bufanda, guantes, mallas, etc).<\/p>\n<p>&nbsp;<\/p>\n<p>-El alumno debe portar diariamente todos los \u00fatiles y libros requeridos por el Colegio y cubrir las especificaciones t\u00e9cnicas,\u00a0\u00a0 manteni\u00e9ndolos en buen estado, forrados, siguiendo las indicaciones particulares de los maestros de grupo.<\/p>\n<p>&nbsp;<\/p>\n<p>-El alumno no deber\u00e1 portar objetos valiosos como joyas, prendedores, anillos, celulares, i Pad, etc., y por ning\u00fan motivo se podr\u00e1 ingresar con juguetes. En caso de traerlos se recogen y no se regresan. <strong>El Colegio no se hace responsable de objetos perdidos.<\/strong><\/p>\n<p><strong>\u00a0<\/strong><\/p>\n<p>&nbsp;<\/p>\n<p>&nbsp;<\/p>\n<p><strong>EDUCACI\u00d3N Y CONVIVENCIA CON VALORES<\/strong><\/p>\n<p><strong>\u00a0<\/strong><\/p>\n<p>&nbsp;<\/p>\n<p>-Todos los alumnos del \u201cColegio Alamilla Americano\u201d, deberemos demostrar nuestra educaci\u00f3n y modales en todo momento, considerando los siguientes aspectos:<\/p>\n<p>-Saludar\u00e9 cort\u00e9smente a maestros y dem\u00e1s personal del Colegio.<\/p>\n<p>&nbsp;<\/p>\n<p>-Atender\u00e9 a las indicaciones hechas por los profesores, la direcci\u00f3n y todo el personal que labora en el Colegio.<\/p>\n<p>-Utilizar\u00e9 siempre un vocabulario correcto y decente, digno de una persona educada.<\/p>\n<p>&nbsp;<\/p>\n<p>-No masticar\u00e9 chicle dentro de las instalaciones del Colegio.<\/p>\n<p>&nbsp;<\/p>\n<p>-Cuidar\u00e9 los recursos materiales con que cuenta el Colegio y reparar\u00e9 con justicia todo lo que llegue a deteriorar o destruir.<\/p>\n<p>&nbsp;<\/p>\n<p>-Respetar\u00e9 lo que no es m\u00edo, contribuyendo as\u00ed a crear un ambiente de confianza y seguridad.<\/p>\n<p>&nbsp;<\/p>\n<p>-Tratar\u00e9 a los compa\u00f1eros con respeto, cari\u00f1o y confianza.<\/p>\n<p>&nbsp;<\/p>\n<p>-Los salones de clase, el patio, ba\u00f1o y dem\u00e1s del Colegio deber\u00e1n ayudar al mayor aprovechamiento y bienestar. Como alumno debo contribuir a su limpieza, dejando mi lugar en orden y limpio, depositando la basura siempre en los cestos, tanto en el sal\u00f3n como en el patio.<\/p>\n<p>&nbsp;<\/p>\n<p>-Nunca arrojar\u00e9 objetos o basura por ventanas o barandales. No dibujar\u00e9, ni escribir\u00e9 en las paredes, pupitres y dem\u00e1s material.<\/p>\n<p>-Separar\u00e9 la basura en org\u00e1nica e inorg\u00e1nica, cuidar\u00e9 el agua, mantendr\u00e9 mis espacios limpios.<\/p>\n<p>&nbsp;<\/p>\n<p>&nbsp;<\/p>\n<p>&nbsp;<\/p>\n<p>&nbsp;<\/p>\n<p><strong>APROVECHAMIENTO Y EVALUACIONES<\/strong><\/p>\n<p>&nbsp;<\/p>\n<p>-Como alumno deber\u00e9 aprender a desarrollar las capacidades que me han sido otorgadas gratuitamente; descubrir\u00e9 mis valores y aprovechar\u00e9 mi tiempo haciendo el m\u00e1ximo esfuerzo por lograr un alto nivel acad\u00e9mico.<\/p>\n<p>&nbsp;<\/p>\n<p>-Cultivar\u00e9 mi capacidad de escuchar y obtener un mejor aprovechamiento, atendiendo a mis maestros durante las clases y a mis compa\u00f1eros cuando intervengan en ellas, nunca me permitir\u00e9 actitudes o expresiones que molesten a mis compa\u00f1eros cuando hagan alguna pregunta o aclaraci\u00f3n.<\/p>\n<p>&nbsp;<\/p>\n<p>-Al igual que con mi profesora titular ser\u00e9 responsable y ordenado con mis maestros de mis dem\u00e1s materias, cumpliendo con empe\u00f1o las tares, actividades y trabajos que me indiquen.<\/p>\n<p>&nbsp;<\/p>\n<p>-No se me permitir\u00e1 que familiares o amigos me traigan tarea olvidada en casa. Debemos ser responsables en todo y por todo (en tiempo y forma).<\/p>\n<p>&nbsp;<\/p>\n<p>-En virtud de que el Colegio busca y propicia el desarrollo integral del alumno, los padres de familia se comprometen a colaborar y a no interferir en la ense\u00f1anza y m\u00e9todos educativos seguidos por el mismo.<\/p>\n<p>&nbsp;<\/p>\n<p>-El alumno acatar\u00e1 estrictamente los horarios y fechas de ex\u00e1menes que se\u00f1ale el Colegio. En caso de faltar, este se aplicar\u00e1 en la fecha que la direcci\u00f3n asigne.<\/p>\n<p>&nbsp;<\/p>\n<p>&nbsp;<\/p>\n<p>&nbsp;<\/p>\n<p><strong>SUSPENSIONES Y MEDIDAS DISCIPLINARIAS<\/strong><\/p>\n<p><strong>\u00a0<\/strong><\/p>\n<p>&nbsp;<\/p>\n<p>-Aceptar\u00e9 cada ciclo escolar el grupo y maestros que me asignen, ya que esto contribuye a mi formaci\u00f3n como persona.<\/p>\n<p>&nbsp;<\/p>\n<p>-Los alumnos ser\u00e1n sancionados con reportes a su expediente por conducta inapropiada y estos se acumular\u00e1n a los de los tutores que incurran en faltas al presente reglamento escolar.<\/p>\n<p>&nbsp;<\/p>\n<p><strong>-Los Padres de Familia conocen y aceptan que en caso de que ellos mismos o el alumno ocasionen graves o reiteradas faltas de disciplina, o alteraci\u00f3n del orden, tanto dentro como fuera del Colegio en aplicaci\u00f3n del presente reglamento y de los art\u00edculos de la Ley General de Educaci\u00f3n, se suspender\u00e1 al alumno en forma temporal o definitiva seg\u00fan la gravedad de la falta cometida.<\/strong><\/p>\n<p>&nbsp;<\/p>\n<p>&#8211; Son causa de baja definitiva del Colegio:<\/p>\n<p>&nbsp;<\/p>\n<p>-Insubordinaci\u00f3n o falta de respeto entre alumnos, al personal docente, administrativo o de servicios del Colegio.<\/p>\n<p>&nbsp;<\/p>\n<p>-Falta de lealtad y honradez hacia el Colegio y dem\u00e1s integrantes del mismo.<\/p>\n<p>&nbsp;<\/p>\n<p>-Ser sorprendido con sustancias t\u00f3xicas o enervantes o llegar intoxicado con ellas.<\/p>\n<p>&nbsp;<\/p>\n<p>-Afectar la integridad f\u00edsica de alguno de sus compa\u00f1eros o del personal del plantel.<\/p>\n<p>&nbsp;<\/p>\n<p>-Para ejercitarme en el dominio personal y en la cortes\u00eda, participo en filas y en los desplazamientos generales (entradas, salidas, recreos) en forma ordenada. Fomento mi actitud c\u00edvica y solidaria participando con respeto y activamente en los Honores a nuestra Bandera.<\/p>\n<p>&nbsp;<\/p>\n<p>-Obedezco con prontitud los toques.<\/p>\n<p>&nbsp;<\/p>\n<p>-La Direcci\u00f3n no se hace responsable de libros, uniformes u objetos que extrav\u00eden o dejen olvidados.<\/p>\n<p>&nbsp;<\/p>\n<p>-Como Padre de Familia tengo la obligaci\u00f3n de apoyar a mi hijo (a) y que cuente con lo necesario para que realice sus actividades escolares y extraescolares (tareas en casa). <strong>Sin hacerle yo padre de familia la tarea.<\/strong><\/p>\n<p>&nbsp;<\/p>\n<p>-Cualquier situaci\u00f3n referente a los alumnos y\/o Padres de Familia, deber\u00e1 informarse a la Direcci\u00f3n.<\/p>\n<p>&nbsp;<\/p>\n<p><strong>-En caso de que los Padres de Familia no apoyen al Colegio en la correcci\u00f3n de conductas inadecuadas de sus hijos se les podr\u00e1 despedir a discreci\u00f3n del Colegio o no aceptar\u00e1 su reinscripci\u00f3n.<\/strong><\/p>\n<p>&nbsp;<\/p>\n<p>-Tanto los est\u00edmulos como las consecuencias tienen siempre un car\u00e1cter formativo como parte de la educaci\u00f3n integral que se ofrece.<\/p>\n<p>&nbsp;<\/p>\n<p>-Seg\u00fan el criterio del punto anterior, todos debemos valorar y utilizar o aceptar dichos medios con madurez y objetividad.<\/p>\n<p>&nbsp;<\/p>\n<p>-La inobservancia de las normas del Colegio har\u00e1 necesaria la intervenci\u00f3n de los educadores. Si despu\u00e9s de ser advertido, contin\u00fao demostrando actitudes habituales de indiferencia y desprecio a mi FORMACI\u00d3N, se tomar\u00e1n las medidas necesarias y que en casos graves puede <strong>llegar la suspensi\u00f3n definitiva durante el ciclo escolar<\/strong> <strong>o a la no admisi\u00f3n en el siguiente a\u00f1o escolar.<\/strong> Las determinaciones ser\u00e1n tomadas por el Consejo T\u00e9cnico Consultivo de la Instituci\u00f3n.<\/p>\n<p>&nbsp;<\/p>\n<p>-Es el deseo de la Direcci\u00f3n que mi estancia en el Colegio represente mi crecimiento en todos los niveles, f\u00edsico, intelectual y espiritual. Si mis profesores observaran que no me estoy comportando adecuadamente la Direcci\u00f3n realizar\u00e1 las siguientes acciones:<\/p>\n<p>&nbsp;<\/p>\n<p>-En caso de que el alumno presentara conductas o actitudes repetidas que resulten en la alteraci\u00f3n del orden y\/o el buen aprovechamiento del propio alumno o de los dem\u00e1s, se canalizar\u00e1 psicopedag\u00f3gicamente <strong>a instituciones especializadas<\/strong> para que se realice una valoraci\u00f3n del caso.<\/p>\n<p>&nbsp;<\/p>\n<p>-En caso de que el alumno despu\u00e9s de ser canalizado, no lleve un seguimiento o no se entreguen reportes a la Direcci\u00f3n, el Colegio puede suspender definitivamente al alumno si el aprovechamiento o conducta del mismo afectan negativamente al desenvolvimiento de las actividades ordinarias o a los compa\u00f1eros.<\/p>\n<p>&nbsp;<\/p>\n<p>&nbsp;<\/p>\n<p>&nbsp;<\/p>\n<p><strong>REGLAMENTO PARA LOS PADRES DE FAMILIA<\/strong><\/p>\n<p><strong>\u00a0<\/strong><\/p>\n<p>&nbsp;<\/p>\n<p>Con el fin de poder cooperar con ustedes en una s\u00f3lida y aut\u00e9ntica formaci\u00f3n de sus hijos, les solicitamos el cumplimiento de las siguientes normas:<\/p>\n<p>&nbsp;<\/p>\n<p>-Propiciar\u00e9 en mi hogar un ambiente sano que favorezca la educaci\u00f3n y el estudio de mi hijo (a). As\u00ed mismo, har\u00e9 vivir en casa las normas de orden y disciplina requeridas para el logro de la continuidad de la actividad educativa.<\/p>\n<p>&nbsp;<\/p>\n<p>-Se\u00f1alar\u00e9 a mi hijo (a), horas fijas de estudio en casa y delimitar\u00e9 el tiempo, para que se haga m\u00e1s f\u00e1cil el cumplimiento de sus tareas escolares.<\/p>\n<p>&nbsp;<\/p>\n<p>-Mantendr\u00e9 una relaci\u00f3n amistosa con la Direcci\u00f3n del Colegio y los profesores de mi hijo (a), para resolver por medio del di\u00e1logo los problemas que se presenten.<\/p>\n<p>&nbsp;<\/p>\n<p>-Apoyar\u00e9 decididamente el cumplimiento del reglamento interno del la comunidad educativa del \u201cColegio Alamilla Americano\u201d, respaldando la autoridad de los profesores y directivos, evitando cualquier comentario negativo delante de mi hijo (a) referente a las personas y normas del Colegio.<\/p>\n<p>&nbsp;<\/p>\n<p>-Mi trato a todo miembro de la comunidad educativa (personal directivo. Docente, administrativo, auxiliar, intendencia, etc) ser\u00e1 siempre respetuoso evitando toda acci\u00f3n ofensiva de palabra u obra.<\/p>\n<p>&nbsp;<\/p>\n<p>-Mi asistencia a los eventos ser\u00e1 respetuosa, atendiendo a las indicaciones que se den.<\/p>\n<p>&nbsp;<\/p>\n<p>-Colaborar\u00e9 activa y responsablemente en las actividades que el Colegio organice.<\/p>\n<p>&nbsp;<\/p>\n<p>-Tendr\u00e9 sumo cuidado de proveer a mi hijo (a), de los \u00fatiles y materiales necesarios para el desarrollo de sus actividades escolares.<\/p>\n<p>&nbsp;<\/p>\n<p>-Asistir\u00e9 puntualmente a las juntas de Padres de Familia y a todo llamado de la Direcci\u00f3n.<\/p>\n<p>&nbsp;<\/p>\n<p>-Tendr\u00e9 cuidado de que mi hijo (a), porte el uniforme con dignidad y en perfecto estado de limpieza, de acuerdo al modelo indicado.<\/p>\n<p>-Justificar\u00e9 personalmente o por escrito las faltas de asistencia. En caso de verdadera necesidad de que mi hijo (a), tenga que ausentarse dentro del horario de clase, lo solicitar\u00e9 por escrito a la Direcci\u00f3n e ir\u00e9 personalmente a recogerlo.<\/p>\n<p>&nbsp;<\/p>\n<p>-No me mezclar\u00e9 en la organizaci\u00f3n interna del Colegio (disciplina, orden, econom\u00eda).<\/p>\n<p>&nbsp;<\/p>\n<p>-Cuando mi hijo (a), tenga un problema con otro compa\u00f1ero, en caso necesario acudir\u00e9 a la Direcci\u00f3n o con la profesora de grupo, jam\u00e1s con el ni\u00f1o involucrado.<\/p>\n<p>&nbsp;<\/p>\n<p>-No se me permitir\u00e1 pasar a los salones a interrumpir la labor de los profesores durante hora h\u00e1biles.<\/p>\n<p>&nbsp;<\/p>\n<p>&#8211;<strong>No insistir\u00e9 en hacer llegar a mi hijo (a), alimentos, material escolar, trabajos, prendas del uniforme, etc., en el horario escolar, ya que de esta manera los educo en la responsabilidad<\/strong>.<\/p>\n<p>&nbsp;<\/p>\n<p>&#8211;<strong>Cuidar\u00e9 de no abordar a los profesores a la entrada o salida de clases. (Solicitar\u00e9 previa cita para atender asuntos relacionados con la educaci\u00f3n de mi hijo (a)<\/strong><\/p>\n<p>&nbsp;<\/p>\n<p>-Todo asunto lo arreglar\u00e9 seg\u00fan el horario se\u00f1alado por la Direcci\u00f3n del Colegio.<\/p>\n<p>&nbsp;<\/p>\n<p>-Aceptar\u00e9 que la responsabilidad de los profesores queda exclusivamente limitada a las horas de clase. Para no exponer a peligros a mi hijo (a), lo recoger\u00e9 a la hora se\u00f1alada, de lo contrario pagar\u00e9 $50.00 cada media hora extra y se pagar\u00e1 al momento de recogerlo.<\/p>\n<p>-Para que mi hijo (a), tenga derecho a ex\u00e1menes, deber\u00e9 estar al corriente en el pago de las colegiaturas.<\/p>\n<p>&nbsp;<\/p>\n<p>-Colaborar\u00e9 en el est\u00edmulo y apoyo sobre el aprovechamiento y comportamiento de mi hijo (a).<\/p>\n<p>&nbsp;<\/p>\n<p>-Estoy de acuerdo en que todo lo que mi hijo (a), deterioren voluntariamente o por descuido, en cuanto al Colegio y muebles del mismo, en justicia debo pagarlos o repararlos.<\/p>\n<p>&nbsp;<\/p>\n<p>&nbsp;<\/p>\n<p>&nbsp;<\/p>\n<p><strong>EN CASO DE ENFERMEDAD<\/strong><\/p>\n<p>&nbsp;<\/p>\n<p>&nbsp;<\/p>\n<p>-Tener al corriente los n\u00fameros telef\u00f3nicos de casa, oficina, celular, etc., por si hay necesidad de recoger a su hijo (a) antes de la salida de clases.<\/p>\n<p>&nbsp;<\/p>\n<p>-Si ocurriera que me enfermara en el transcurso del d\u00eda, la Direcci\u00f3n llamar\u00e1 a mis pap\u00e1s para que me recojan.<\/p>\n<p>&nbsp;<\/p>\n<p>&#8211; Informar al Colegio por escrito si es necesario que mi hijo (a) tenga que tomar alg\u00fan medicamento, y marcar \u00e9ste con el nombre del ni\u00f1o (a) y la hora en que se le tenga que dar, <strong>es indispensable enviar copia de la receta m\u00e9dica de lo contrario no se administrar\u00e1 ning\u00fan medicamento.<\/strong><\/p>\n<p>&nbsp;<\/p>\n<p>-En caso de no localizar a los pap\u00e1s en alguna emergencia, la Direcci\u00f3n llamar\u00e1 a la persona que los padres de familia autorizaron para estas situaciones.<\/p>\n<p>&nbsp;<\/p>\n<p>-Padres de Familia deben estar atentos a la salud de sus hijos, si presentan alg\u00fan s\u00edntoma reportarlo al Colegio y en caso necesario asistir al m\u00e9dico, para evitar contagios con el resto del alumnado.<\/p>\n<p>&nbsp;<\/p>\n<p>&nbsp;<\/p>\n<p>&nbsp;<\/p>\n<p>&nbsp;<\/p>\n<p>Recordemos que la formaci\u00f3n integral de los alumnos es algo que concierne tanto a los padres como a la escuela, por lo cual, \u00fanicamente con el apoyo de los padres, cumpliendo y respetando las disposiciones y normas establecidas por el Colegio, que son en beneficio de los alumnos, se lograr\u00e1 la educaci\u00f3n y cuidado que un ni\u00f1o o ni\u00f1a merece.<\/p>\n<p>&nbsp;<\/p>\n<p>&nbsp;<\/p>\n<p>&nbsp;<\/p>\n<p>&nbsp;<\/p>\n<p style=\"text-align: center;\">Porque la atenci\u00f3n y el cari\u00f1o son lo m\u00e1s importante<\/p>\n<p style=\"text-align: center;\">A t e n t a m e n t e.<\/p>\n<p style=\"text-align: center;\">Colegio Alamilla Americano<\/p>\n<p style=\"text-align: center;\">CICLO ESCOLAR 2019-2020<\/p>\n","protected":false},"excerpt":{"rendered":"<p>Colegio Alamilla Americano Reglamento Escolar Ciclo Escolar 2019-2020 NORMAS GENERALES \u00a0 &nbsp; -El alumno y los padres de familia se obligan a aceptar y a acatar las normas administrativas y disciplinarias emanadas del siguiente reglamento, as\u00ed como la informaci\u00f3n de<\/p>\n","protected":false},"author":1,"featured_media":0,"parent":0,"menu_order":0,"comment_status":"closed","ping_status":"closed","template":"","meta":{"footnotes":""},"class_list":["post-57","page","type-page","status-publish","hentry"],"_links":{"self":[{"href":"https:\/\/caam.edu.mx\/escuela\/wp-json\/wp\/v2\/pages\/57","targetHints":{"allow":["GET"]}}],"collection":[{"href":"https:\/\/caam.edu.mx\/escuela\/wp-json\/wp\/v2\/pages"}],"about":[{"href":"https:\/\/caam.edu.mx\/escuela\/wp-json\/wp\/v2\/types\/page"}],"author":[{"embeddable":true,"href":"https:\/\/caam.edu.mx\/escuela\/wp-json\/wp\/v2\/users\/1"}],"replies":[{"embeddable":true,"href":"https:\/\/caam.edu.mx\/escuela\/wp-json\/wp\/v2\/comments?post=57"}],"version-history":[{"count":6,"href":"https:\/\/caam.edu.mx\/escuela\/wp-json\/wp\/v2\/pages\/57\/revisions"}],"predecessor-version":[{"id":68,"href":"https:\/\/caam.edu.mx\/escuela\/wp-json\/wp\/v2\/pages\/57\/revisions\/68"}],"wp:attachment":[{"href":"https:\/\/caam.edu.mx\/escuela\/wp-json\/wp\/v2\/media?parent=57"}],"curies":[{"name":"wp","href":"https:\/\/api.w.org\/{rel}","templated":true}]}}