{"id":41,"date":"2016-09-01T23:05:15","date_gmt":"2016-09-01T23:05:15","guid":{"rendered":"http:\/\/caam.edu.mx\/escuela\/?page_id=41"},"modified":"2019-08-08T18:07:04","modified_gmt":"2019-08-08T18:07:04","slug":"galeria","status":"publish","type":"page","link":"https:\/\/caam.edu.mx\/escuela\/galeria\/","title":{"rendered":"Galeria"},"content":{"rendered":"<span class=\"wp-easy-gallery\"><a onclick=\"var images=['http:\/\/caam.edu.mx\/escuela\/wp-content\/uploads\/2016\/09\/galeria1CAAM_01-1024x768.jpg', 'http:\/\/caam.edu.mx\/escuela\/wp-content\/uploads\/2016\/09\/galeria1CAAM_02-1024x768.jpg', 'http:\/\/caam.edu.mx\/escuela\/wp-content\/uploads\/2016\/09\/galeria1CAAM_03-1024x576.jpg', 'http:\/\/caam.edu.mx\/escuela\/wp-content\/uploads\/2016\/09\/galeria1CAAM_04-1024x768.jpg', 'http:\/\/caam.edu.mx\/escuela\/wp-content\/uploads\/2016\/09\/galeria1CAAM_05-1024x576.jpg', 'http:\/\/caam.edu.mx\/escuela\/wp-content\/uploads\/2016\/09\/galeria1CAAM_06-1024x576.jpg', 'http:\/\/caam.edu.mx\/escuela\/wp-content\/uploads\/2016\/09\/galeria1CAAM_07-1024x768.jpg', 'http:\/\/caam.edu.mx\/escuela\/wp-content\/uploads\/2016\/09\/galeria1CAAM_08-1024x843.jpg', 'http:\/\/caam.edu.mx\/escuela\/wp-content\/uploads\/2016\/09\/galeria1CAAM_09-1024x768.jpg']; var titles=['Colegio Alamilla Americano', 'Colegio Alamilla Americano', 'Colegio Alamilla Americano', 'Colegio Alamilla Americano', 'Colegio Alamilla Americano', 'Colegio Alamilla Americano', 'Colegio Alamilla Americano', 'Colegio Alamilla Americano', 'Colegio Alamilla Americano']; var descriptions=['Fotogr\u00e1fia 1', 'Fotogr\u00e1fia 2', 'Fotogr\u00e1fia 3', 'Fotogr\u00e1fia 4', 'Fotogr\u00e1fia 5', 'Fotogr\u00e1fia 6', 'Fotogr\u00e1fia 7', 'Fotogr\u00e1fia 8', 'Fotogr\u00e1fia 9']; jQuery.prettyPhoto.open(images,titles,descriptions);\" title=\"Galeria 1\" style=\"cursor: pointer;\"><img decoding=\"async\" class=\"dShadow trans\" src=\"http:\/\/caam.edu.mx\/escuela\/wp-content\/uploads\/2016\/09\/galeria1CAAM_01-150x150.jpg\" width='150' height='150' border=\"0\" alt=\"Galeria 1\" \/><\/a><p class=\"wpeg-gallery-name center\">Galeria 1<\/p><\/span>\n","protected":false},"excerpt":{"rendered":"","protected":false},"author":1,"featured_media":0,"parent":0,"menu_order":0,"comment_status":"closed","ping_status":"closed","template":"","meta":{"footnotes":""},"class_list":["post-41","page","type-page","status-publish","hentry"],"_links":{"self":[{"href":"https:\/\/caam.edu.mx\/escuela\/wp-json\/wp\/v2\/pages\/41","targetHints":{"allow":["GET"]}}],"collection":[{"href":"https:\/\/caam.edu.mx\/escuela\/wp-json\/wp\/v2\/pages"}],"about":[{"href":"https:\/\/caam.edu.mx\/escuela\/wp-json\/wp\/v2\/types\/page"}],"author":[{"embeddable":true,"href":"https:\/\/caam.edu.mx\/escuela\/wp-json\/wp\/v2\/users\/1"}],"replies":[{"embeddable":true,"href":"https:\/\/caam.edu.mx\/escuela\/wp-json\/wp\/v2\/comments?post=41"}],"version-history":[{"count":6,"href":"https:\/\/caam.edu.mx\/escuela\/wp-json\/wp\/v2\/pages\/41\/revisions"}],"predecessor-version":[{"id":125,"href":"https:\/\/caam.edu.mx\/escuela\/wp-json\/wp\/v2\/pages\/41\/revisions\/125"}],"wp:attachment":[{"href":"https:\/\/caam.edu.mx\/escuela\/wp-json\/wp\/v2\/media?parent=41"}],"curies":[{"name":"wp","href":"https:\/\/api.w.org\/{rel}","templated":true}]}}