{"id":2,"date":"2016-06-24T15:48:55","date_gmt":"2016-06-24T15:48:55","guid":{"rendered":"http:\/\/caam.edu.mx\/escuela\/?page_id=2"},"modified":"2016-09-02T04:17:09","modified_gmt":"2016-09-02T04:17:09","slug":"primaria","status":"publish","type":"page","link":"https:\/\/caam.edu.mx\/escuela\/primaria\/","title":{"rendered":"Primaria"},"content":{"rendered":"<p><strong>FILOSOF\u00cdA:<\/strong><\/p>\n<p>El Colegio Alamilla Americano fundamenta su trabajo en una \u201cEducaci\u00f3n de Calidad\u201d centrada en un modelo educativo basado en competencias para la vida; tomando los cinco pilares de la Educaci\u00f3n: Saber (conocimiento), Saber hacer (habilidades), Saber ser (valores), Saber convivir (actitudes) y Emprender, que nos permitan una formaci\u00f3n integral de los alumnos para enfrentar la vida como ciudadanos \u00edntegros capaces de desarrollar todo su potencial, en un marco de valores que contribuyan a la formaci\u00f3n de personas que respondan a las necesidades del desarrollo de M\u00e9xico.<\/p>\n<p>Nuestra filosof\u00eda se apoya en un trabajo: colegiado, interdisciplinario, l\u00fadico con docentes profesionales que permitan que los alumnos construyan su conocimiento proporcionando experiencias de aprendizaje significativo para todos los alumnos.<\/p>\n<p>&nbsp;<\/p>\n<p>&nbsp;<\/p>\n<p><strong>MISI\u00d3N:<\/strong><\/p>\n<p>Ser una Instituci\u00f3n Educativa con altos niveles de eficiencia, preparando a los ni\u00f1os y ni\u00f1as con herramientas necesarias para enfrentarse a la vida, capaces de integrarse a la sociedad, que saben poner sus ideas en palabras, tomar decisiones, hacerse escuchar y ser parte de la diversidad. Con un alto sentido de valores humanos y de competitividad que les permitan habilidades y actitudes necesarias para su vida personal.<\/p>\n<p>&nbsp;<\/p>\n<p>&nbsp;<\/p>\n<p><strong>VISI\u00d3N:<br \/>\n<\/strong><\/p>\n<p>Considerar al Colegio Alamilla Americano como el mejor centro educativo a nivel nacional e internacional. Legar a la sociedad estudiantes emprendedores, profesionistas, responsables, con \u00e1nimo de progreso y triunfo personal y de su entorno, as\u00ed como de interactuar en la misma, con libertad y responsabilidad que da el conocimiento, la cultura y la educaci\u00f3n.<\/p>\n<p>&nbsp;<\/p>\n<p>&nbsp;<\/p>\n<p><strong>VALORES:<\/strong><\/p>\n<p>Colegio Alamilla Americano fomenta el respeto y la honestidad, la justicia, la equidad, la responsabilidad, la constancia, la superaci\u00f3n, el esp\u00edritu de lucha, la competitividad, la uni\u00f3n, la tolerancia, la libertad y el progreso.<\/p>\n<p>El personal es el capital m\u00e1s importante por su inteligencia, voluntad y car\u00e1cter.<\/p>\n<p>&nbsp;<\/p>\n<p>&nbsp;<\/p>\n<p><strong>PERFIL DE EGRESO:<\/strong><\/p>\n<blockquote><p>Estudiantes emprendedores y responsables con \u00e1nimo de progreso y triunfo.<\/p>\n<p>Participantes en el avance de la sociedad con ideas y acciones.<\/p>\n<p>L\u00edderes en proyectos que impulsen nuevas ideolog\u00edas para su entorno.<\/p><\/blockquote>\n","protected":false},"excerpt":{"rendered":"<p>Nuestra filosof\u00eda se apoya en un trabajo: colegiado, interdisciplinario, l\u00fadico con docentes profesionales que permitan que los alumnos construyan su conocimiento proporcionando experiencias de aprendizaje significativo para todos los alumnos.<\/p>\n","protected":false},"author":1,"featured_media":62,"parent":0,"menu_order":0,"comment_status":"closed","ping_status":"open","template":"","meta":{"footnotes":""},"class_list":["post-2","page","type-page","status-publish","has-post-thumbnail","hentry"],"_links":{"self":[{"href":"https:\/\/caam.edu.mx\/escuela\/wp-json\/wp\/v2\/pages\/2","targetHints":{"allow":["GET"]}}],"collection":[{"href":"https:\/\/caam.edu.mx\/escuela\/wp-json\/wp\/v2\/pages"}],"about":[{"href":"https:\/\/caam.edu.mx\/escuela\/wp-json\/wp\/v2\/types\/page"}],"author":[{"embeddable":true,"href":"https:\/\/caam.edu.mx\/escuela\/wp-json\/wp\/v2\/users\/1"}],"replies":[{"embeddable":true,"href":"https:\/\/caam.edu.mx\/escuela\/wp-json\/wp\/v2\/comments?post=2"}],"version-history":[{"count":6,"href":"https:\/\/caam.edu.mx\/escuela\/wp-json\/wp\/v2\/pages\/2\/revisions"}],"predecessor-version":[{"id":37,"href":"https:\/\/caam.edu.mx\/escuela\/wp-json\/wp\/v2\/pages\/2\/revisions\/37"}],"wp:featuredmedia":[{"embeddable":true,"href":"https:\/\/caam.edu.mx\/escuela\/wp-json\/wp\/v2\/media\/62"}],"wp:attachment":[{"href":"https:\/\/caam.edu.mx\/escuela\/wp-json\/wp\/v2\/media?parent=2"}],"curies":[{"name":"wp","href":"https:\/\/api.w.org\/{rel}","templated":true}]}}