{"id":16,"date":"2016-08-31T17:45:40","date_gmt":"2016-08-31T17:45:40","guid":{"rendered":"http:\/\/caam.edu.mx\/escuela\/?page_id=16"},"modified":"2016-09-02T04:16:40","modified_gmt":"2016-09-02T04:16:40","slug":"kinder","status":"publish","type":"page","link":"https:\/\/caam.edu.mx\/escuela\/kinder\/","title":{"rendered":"Kinder"},"content":{"rendered":"<p><strong>FILOSOF\u00cdA:<\/strong><\/p>\n<p><strong>\u00a0<\/strong><\/p>\n<p>El Colegio Biling\u00fce \u201cEl Mundo de los Ni\u00f1os\u201d fundamenta su trabajo en una \u201cEducaci\u00f3n de Calidad\u201d centrada en un modelo educativo basado en competencias para la vida; tomando los cinco pilares de la Educaci\u00f3n: Saber (conocimiento), Saber hacer (habilidades), Saber ser (valores), Saber convivir (actitudes) y Emprender, que nos permitan una formaci\u00f3n integral de los alumnos para enfrentar la vida como ciudadanos \u00edntegros capaces de desarrollar todo su potencial, en un marco de valores que contribuyan a la formaci\u00f3n de personas que respondan a las necesidades del desarrollo de M\u00e9xico.<\/p>\n<p>Nuestra filosof\u00eda se apoya en un trabajo: colegiado, interdisciplinario, l\u00fadico con docentes profesionales que permitan que los alumnos construyan su conocimiento proporcionando experiencias de aprendizaje significativo para todos los alumnos.<\/p>\n<p>&nbsp;<\/p>\n<p><strong>MISI\u00d3N:<\/strong><\/p>\n<p>Ser una Instituci\u00f3n Educativa con altos niveles de eficiencia, preparando a los ni\u00f1os y ni\u00f1as con herramientas necesarias para enfrentarse a la vida, capaces de integrarse a la sociedad, que saben poner sus ideas en palabras, tomar decisiones, hacerse escuchar y ser parte de la diversidad. Con un alto sentido de valores humanos y de competitividad que les permitan habilidades y actitudes necesarias para su vida personal.<\/p>\n<p>&nbsp;<\/p>\n<p><strong>VISI\u00d3N:<\/strong><\/p>\n<p>Considerar al Colegio Biling\u00fce \u201cEl Mundo de los Ni\u00f1os\u201d como el mejor centro educativo a nivel nacional e internacional. Legar a la sociedad estudiantes emprendedores, responsables, con \u00e1nimo de progreso y triunfo personal y de su entorno, as\u00ed como de interactuar en la misma, con libertad y responsabilidad que da el conocimiento, la cultura y la educaci\u00f3n.<\/p>\n<p>&nbsp;<\/p>\n<p><strong>VALORES:<\/strong><\/p>\n<p>Colegio Biling\u00fce \u201cEl Mundo de los Ni\u00f1os\u201d fomenta el respeto y la honestidad, la justicia, la equidad, la responsabilidad, la constancia, la superaci\u00f3n, el esp\u00edritu de lucha, la competitividad, la uni\u00f3n, la tolerancia, la libertad y el progreso.<\/p>\n<p>El personal es el capital m\u00e1s importante por su inteligencia, voluntad y car\u00e1cter.<\/p>\n<p>&nbsp;<\/p>\n<p><strong>PERFIL DE EGRESO:<\/strong><\/p>\n<blockquote><p>Ni\u00f1os con un alto sentido de responsabilidad, con \u00e1nimo de progreso y triunfo, que desde temprana edad sean protagonistas en la construcci\u00f3n de su conocimiento, en un entorno de valores que les permita saber, saber hacer, saber ser, saber convivir y emprender.<\/p><\/blockquote>\n<p>&nbsp;<\/p>\n<p>&nbsp;<\/p>\n<p><strong>\u00a0<\/strong><\/p>\n","protected":false},"excerpt":{"rendered":"<p>El Colegio Biling\u00fce \u201cEl Mundo de los Ni\u00f1os\u201d fundamenta su trabajo en una \u201cEducaci\u00f3n de Calidad\u201d centrada en un modelo educativo basado en competencias para la vida<\/p>\n","protected":false},"author":1,"featured_media":61,"parent":0,"menu_order":0,"comment_status":"closed","ping_status":"closed","template":"","meta":{"footnotes":""},"class_list":["post-16","page","type-page","status-publish","has-post-thumbnail","hentry"],"_links":{"self":[{"href":"https:\/\/caam.edu.mx\/escuela\/wp-json\/wp\/v2\/pages\/16","targetHints":{"allow":["GET"]}}],"collection":[{"href":"https:\/\/caam.edu.mx\/escuela\/wp-json\/wp\/v2\/pages"}],"about":[{"href":"https:\/\/caam.edu.mx\/escuela\/wp-json\/wp\/v2\/types\/page"}],"author":[{"embeddable":true,"href":"https:\/\/caam.edu.mx\/escuela\/wp-json\/wp\/v2\/users\/1"}],"replies":[{"embeddable":true,"href":"https:\/\/caam.edu.mx\/escuela\/wp-json\/wp\/v2\/comments?post=16"}],"version-history":[{"count":2,"href":"https:\/\/caam.edu.mx\/escuela\/wp-json\/wp\/v2\/pages\/16\/revisions"}],"predecessor-version":[{"id":38,"href":"https:\/\/caam.edu.mx\/escuela\/wp-json\/wp\/v2\/pages\/16\/revisions\/38"}],"wp:featuredmedia":[{"embeddable":true,"href":"https:\/\/caam.edu.mx\/escuela\/wp-json\/wp\/v2\/media\/61"}],"wp:attachment":[{"href":"https:\/\/caam.edu.mx\/escuela\/wp-json\/wp\/v2\/media?parent=16"}],"curies":[{"name":"wp","href":"https:\/\/api.w.org\/{rel}","templated":true}]}}